{"id":11839,"date":"2024-10-14T16:12:07","date_gmt":"2024-10-14T14:12:07","guid":{"rendered":"https:\/\/www.sejoya.geek-tonic.dev\/camping-bord-mer-corse\/"},"modified":"2025-11-04T13:38:42","modified_gmt":"2025-11-04T12:38:42","slug":"campingplatz-am-meer-korsika","status":"publish","type":"page","link":"https:\/\/www.sejoya.geek-tonic.dev\/de\/campingplatz-am-meer-korsika\/","title":{"rendered":"Am Meer"},"content":{"rendered":"\n<section class=\"wp-block-group home-seventh section-one is-layout-flow wp-block-group-is-layout-flow\" style=\"margin-top:var(--wp--preset--spacing--50);margin-bottom:var(--wp--preset--spacing--50);padding-right:0rem;padding-left:2rem\">\n<div class=\"wp-block-columns are-vertically-aligned-center gt-no-padding-mobile is-layout-flex wp-container-core-columns-is-layout-f5462cee wp-block-columns-is-layout-flex\" style=\"padding-left:10rem\">\n<div class=\"wp-block-column is-vertically-aligned-center is-layout-flow wp-block-column-is-layout-flow\" style=\"flex-basis:35%\">\n<h1 class=\"wp-block-heading\"><strong>Paradiesischer <\/strong><strong>Aufenthalt<\/strong><br\/>auf Campingpl\u00e4tzen in der<br\/>N\u00e4he der Str\u00e4nde Korsikas<\/h1>\n\n\n\n<h2 class=\"wp-block-heading\">Unsere 4 Einrichtungen <br\/><strong>direkt am Strand in Calvi<\/strong><\/h2>\n\n\n    <div id=\"gt-fse-lire-plus-69fa6b193b1b7\" class=\"gt-fse-lire-plus\" data-min-height=\"130\" style=\"background-color: #fff;\">\n        <input id=\"gt-fse-lire-plus-69fa6b193b1b7-toggle\" type=\"checkbox\" class=\"gt-fse-lire-plus__toggle\" \/>\n        <label for=\"gt-fse-lire-plus-69fa6b193b1b7-toggle\" class=\"gt-fse-lire-plus__toggle-label\">\n            <span>Mehr lesen<\/span>\n            <span>Weniger lesen<\/span>\n        <\/label>\n        <div class=\"gt-fse-lire-plus__content\" style=\"height: 130px;\">\n            \n\n<p>Der <a href=\"https:\/\/www.sejoya.geek-tonic.dev\/de\/campingplatz-castors-calvi\/\">4-Sterne-Campingplatz Les Castors<\/a>, der Campingplatz <a href=\"https:\/\/www.sejoya.geek-tonic.dev\/de\/campingplatz-international-calvi\/\">International<\/a>, die <a href=\"https:\/\/www.sejoya.geek-tonic.dev\/de\/residenz-castors-calvi\/\">Residenz Les Castors<\/a> und der <a href=\"https:\/\/www.sejoya.geek-tonic.dev\/de\/campingplatz-bella-vista-calvi\/\">Campingplatz Bella Vista<\/a> sind <strong>vier Orte am Meer<\/strong>. Wenn Sie bei <a href=\"https:\/\/www.sejoya.geek-tonic.dev\/de\/\">S\u00e9joya<\/a> in Calvi wohnen, bietet Ihnen jede dieser Einrichtungen eine privilegierte Lage in Bezug auf die Str\u00e4nde und die Anlegestellen. <br\/>Je nach Lage, <a href=\"https:\/\/www.sejoya.geek-tonic.dev\/de\/mobilheimvermietung-korsika\/\">Mobilheim<\/a> oder Wohnung, die Sie w\u00e4hlen, wohnen Sie <strong>zwischen 800 m und 300 m vom Strand von Calvi entfernt<\/strong>. Der Jachthafen ist in 10 bis 20 Minuten zu Fu\u00df erreichbar. Hier k\u00f6nnen Sie schwimmen und Wassersport betreiben, aber auch die Atmosph\u00e4re der Restaurants und Strandbars genie\u00dfen!   <\/p>\n\n            <div class=\"gt-fse-lire-plus__gradient\" style=\"background: linear-gradient(to bottom,rgba(255,255,255,0) 0%,rgba(255,255,255,1) 100%);\"><\/div>\n        <\/div>\n    <\/div>\n    <\/div>\n\n\n\n<div class=\"wp-block-column is-vertically-aligned-center is-layout-flow wp-block-column-is-layout-flow\" style=\"flex-basis:65%\">\n<div class=\"wp-block-group is-nowrap is-layout-flex wp-container-core-group-is-layout-6c531013 wp-block-group-is-layout-flex\">\n<figure data-wp-context=\"{&quot;imageId&quot;:&quot;69fa6b193d8a7&quot;}\" data-wp-interactive=\"core\/image\" data-wp-key=\"69fa6b193d8a7\" class=\"wp-block-image size-full is-resized gt-gsap-fadeIn wp-lightbox-container\"><img data-dominant-color=\"45656b\" data-has-transparency=\"false\" decoding=\"async\" width=\"344\" height=\"675\" data-wp-class--hide=\"state.isContentHidden\" data-wp-class--show=\"state.isContentVisible\" data-wp-init=\"callbacks.setButtonStyles\" data-wp-on--click=\"actions.showLightbox\" data-wp-on--load=\"callbacks.setButtonStyles\" data-wp-on-window--resize=\"callbacks.setButtonStyles\" src=\"https:\/\/www.sejoya.geek-tonic.dev\/wp-content\/uploads\/2025\/02\/votre-sejour-paradisiaque-dans-des-campings-proches-des-plages-de-corse.webp\" alt=\"Ihr paradiesischer Aufenthalt auf Campingpl&#xE4;tzen in der N&#xE4;he der Str&#xE4;nde Korsikas\" class=\"wp-image-10364 not-transparent\" style=\"--dominant-color: #45656b; width:auto;height:675px\" srcset=\"https:\/\/www.sejoya.geek-tonic.dev\/wp-content\/uploads\/2025\/02\/votre-sejour-paradisiaque-dans-des-campings-proches-des-plages-de-corse.webp 344w, https:\/\/www.sejoya.geek-tonic.dev\/wp-content\/uploads\/2025\/02\/votre-sejour-paradisiaque-dans-des-campings-proches-des-plages-de-corse-153x300.webp 153w\" sizes=\"(max-width: 344px) 100vw, 344px\" \/><button\n\t\t\tclass=\"lightbox-trigger\"\n\t\t\ttype=\"button\"\n\t\t\taria-haspopup=\"dialog\"\n\t\t\taria-label=\"Vergr\u00f6\u00dfern\"\n\t\t\tdata-wp-init=\"callbacks.initTriggerButton\"\n\t\t\tdata-wp-on--click=\"actions.showLightbox\"\n\t\t\tdata-wp-style--right=\"state.imageButtonRight\"\n\t\t\tdata-wp-style--top=\"state.imageButtonTop\"\n\t\t>\n\t\t\t<svg xmlns=\"http:\/\/www.w3.org\/2000\/svg\" width=\"12\" height=\"12\" fill=\"none\" viewBox=\"0 0 12 12\">\n\t\t\t\t<path fill=\"#fff\" d=\"M2 0a2 2 0 0 0-2 2v2h1.5V2a.5.5 0 0 1 .5-.5h2V0H2Zm2 10.5H2a.5.5 0 0 1-.5-.5V8H0v2a2 2 0 0 0 2 2h2v-1.5ZM8 12v-1.5h2a.5.5 0 0 0 .5-.5V8H12v2a2 2 0 0 1-2 2H8Zm2-12a2 2 0 0 1 2 2v2h-1.5V2a.5.5 0 0 0-.5-.5H8V0h2Z\" \/>\n\t\t\t<\/svg>\n\t\t<\/button><\/figure>\n\n\n\n<figure data-wp-context=\"{&quot;imageId&quot;:&quot;69fa6b193dbae&quot;}\" data-wp-interactive=\"core\/image\" data-wp-key=\"69fa6b193dbae\" class=\"wp-block-image size-full is-resized gt-gsap-fadeIn wp-lightbox-container\"><img data-dominant-color=\"205f8e\" data-has-transparency=\"false\" decoding=\"async\" width=\"344\" height=\"800\" data-wp-class--hide=\"state.isContentHidden\" data-wp-class--show=\"state.isContentVisible\" data-wp-init=\"callbacks.setButtonStyles\" data-wp-on--click=\"actions.showLightbox\" data-wp-on--load=\"callbacks.setButtonStyles\" data-wp-on-window--resize=\"callbacks.setButtonStyles\" src=\"https:\/\/www.sejoya.geek-tonic.dev\/wp-content\/uploads\/2025\/02\/bateau-port-de-plaisance-calvi.webp\" alt=\"Boot Yachthafen Calvi\" class=\"wp-image-10368 not-transparent\" style=\"--dominant-color: #205f8e; width:auto;height:800px\" srcset=\"https:\/\/www.sejoya.geek-tonic.dev\/wp-content\/uploads\/2025\/02\/bateau-port-de-plaisance-calvi.webp 344w, https:\/\/www.sejoya.geek-tonic.dev\/wp-content\/uploads\/2025\/02\/bateau-port-de-plaisance-calvi-129x300.webp 129w\" sizes=\"(max-width: 344px) 100vw, 344px\" \/><button\n\t\t\tclass=\"lightbox-trigger\"\n\t\t\ttype=\"button\"\n\t\t\taria-haspopup=\"dialog\"\n\t\t\taria-label=\"Vergr\u00f6\u00dfern\"\n\t\t\tdata-wp-init=\"callbacks.initTriggerButton\"\n\t\t\tdata-wp-on--click=\"actions.showLightbox\"\n\t\t\tdata-wp-style--right=\"state.imageButtonRight\"\n\t\t\tdata-wp-style--top=\"state.imageButtonTop\"\n\t\t>\n\t\t\t<svg xmlns=\"http:\/\/www.w3.org\/2000\/svg\" width=\"12\" height=\"12\" fill=\"none\" viewBox=\"0 0 12 12\">\n\t\t\t\t<path fill=\"#fff\" d=\"M2 0a2 2 0 0 0-2 2v2h1.5V2a.5.5 0 0 1 .5-.5h2V0H2Zm2 10.5H2a.5.5 0 0 1-.5-.5V8H0v2a2 2 0 0 0 2 2h2v-1.5ZM8 12v-1.5h2a.5.5 0 0 0 .5-.5V8H12v2a2 2 0 0 1-2 2H8Zm2-12a2 2 0 0 1 2 2v2h-1.5V2a.5.5 0 0 0-.5-.5H8V0h2Z\" \/>\n\t\t\t<\/svg>\n\t\t<\/button><\/figure>\n\n\n\n<figure data-wp-context=\"{&quot;imageId&quot;:&quot;69fa6b193de56&quot;}\" data-wp-interactive=\"core\/image\" data-wp-key=\"69fa6b193de56\" class=\"wp-block-image size-full is-resized gt-gsap-fadeIn wp-lightbox-container\"><img data-dominant-color=\"116a75\" data-has-transparency=\"false\" decoding=\"async\" width=\"344\" height=\"900\" data-wp-class--hide=\"state.isContentHidden\" data-wp-class--show=\"state.isContentVisible\" data-wp-init=\"callbacks.setButtonStyles\" data-wp-on--click=\"actions.showLightbox\" data-wp-on--load=\"callbacks.setButtonStyles\" data-wp-on-window--resize=\"callbacks.setButtonStyles\" src=\"https:\/\/www.sejoya.geek-tonic.dev\/wp-content\/uploads\/2025\/02\/sup-activites-nautiques.webp\" alt=\"sup Wassersport\" class=\"wp-image-10372 not-transparent\" style=\"--dominant-color: #116a75; width:auto;height:900px\" srcset=\"https:\/\/www.sejoya.geek-tonic.dev\/wp-content\/uploads\/2025\/02\/sup-activites-nautiques.webp 344w, https:\/\/www.sejoya.geek-tonic.dev\/wp-content\/uploads\/2025\/02\/sup-activites-nautiques-115x300.webp 115w\" sizes=\"(max-width: 344px) 100vw, 344px\" \/><button\n\t\t\tclass=\"lightbox-trigger\"\n\t\t\ttype=\"button\"\n\t\t\taria-haspopup=\"dialog\"\n\t\t\taria-label=\"Vergr\u00f6\u00dfern\"\n\t\t\tdata-wp-init=\"callbacks.initTriggerButton\"\n\t\t\tdata-wp-on--click=\"actions.showLightbox\"\n\t\t\tdata-wp-style--right=\"state.imageButtonRight\"\n\t\t\tdata-wp-style--top=\"state.imageButtonTop\"\n\t\t>\n\t\t\t<svg xmlns=\"http:\/\/www.w3.org\/2000\/svg\" width=\"12\" height=\"12\" fill=\"none\" viewBox=\"0 0 12 12\">\n\t\t\t\t<path fill=\"#fff\" d=\"M2 0a2 2 0 0 0-2 2v2h1.5V2a.5.5 0 0 1 .5-.5h2V0H2Zm2 10.5H2a.5.5 0 0 1-.5-.5V8H0v2a2 2 0 0 0 2 2h2v-1.5ZM8 12v-1.5h2a.5.5 0 0 0 .5-.5V8H12v2a2 2 0 0 1-2 2H8Zm2-12a2 2 0 0 1 2 2v2h-1.5V2a.5.5 0 0 0-.5-.5H8V0h2Z\" \/>\n\t\t\t<\/svg>\n\t\t<\/button><\/figure>\n<\/div>\n<\/div>\n<\/div>\n<\/section>\n\n<section class=\"wp-block-group home-fifth section-two is-layout-flow wp-block-group-is-layout-flow\" style=\"padding-right:var(--wp--preset--spacing--40);padding-left:var(--wp--preset--spacing--40)\">\n<div class=\"wp-block-columns are-vertically-aligned-center is-layout-flex wp-container-core-columns-is-layout-28232c24 wp-block-columns-is-layout-flex\">\n<div class=\"wp-block-column is-vertically-aligned-center column-right is-layout-flow wp-block-column-is-layout-flow\" style=\"flex-basis:66.66%\">\n<figure class=\"wp-block-image size-full\" style=\"margin-bottom:var(--wp--preset--spacing--30)\"><img data-dominant-color=\"6d6f64\" data-has-transparency=\"false\" decoding=\"async\" width=\"1183\" height=\"1000\" src=\"https:\/\/www.sejoya.geek-tonic.dev\/wp-content\/uploads\/2025\/02\/pause-farniente-sur-les-plus-belles-plages-a-proximite-de-nos-campings.webp\" alt=\"Farniente-Pause an den sch&#xF6;nsten Str&#xE4;nden in der N&#xE4;he unserer Campingpl&#xE4;tze\" class=\"wp-image-10376 not-transparent\" style=\"--dominant-color: #6d6f64; object-fit:cover\" srcset=\"https:\/\/www.sejoya.geek-tonic.dev\/wp-content\/uploads\/2025\/02\/pause-farniente-sur-les-plus-belles-plages-a-proximite-de-nos-campings.webp 1183w, https:\/\/www.sejoya.geek-tonic.dev\/wp-content\/uploads\/2025\/02\/pause-farniente-sur-les-plus-belles-plages-a-proximite-de-nos-campings-300x254.webp 300w, https:\/\/www.sejoya.geek-tonic.dev\/wp-content\/uploads\/2025\/02\/pause-farniente-sur-les-plus-belles-plages-a-proximite-de-nos-campings-1024x866.webp 1024w, https:\/\/www.sejoya.geek-tonic.dev\/wp-content\/uploads\/2025\/02\/pause-farniente-sur-les-plus-belles-plages-a-proximite-de-nos-campings-768x649.webp 768w\" sizes=\"(max-width: 1183px) 100vw, 1183px\" \/><\/figure>\n<\/div>\n\n\n\n<div class=\"wp-block-column is-vertically-aligned-center column-left is-layout-flow wp-block-column-is-layout-flow\" style=\"padding-right:0;padding-left:0;flex-basis:33.33%\">\n<div class=\"wp-block-group gt-gsap-parallaxDown has-base-background-color has-background gt-no-padding-mobile is-layout-flow wp-block-group-is-layout-flow\" style=\"margin-bottom:var(--wp--preset--spacing--30);padding-top:var(--wp--preset--spacing--50);padding-right:6rem;padding-bottom:var(--wp--preset--spacing--50);padding-left:6rem\">\n<h2 class=\"wp-block-heading\"><strong>Faulenzen Sie an den sch\u00f6nsten<\/strong><br\/><strong>Str\u00e4nden <\/strong> in der N\u00e4he unserer <br\/>Campingpl\u00e4tze<\/h2>\n\n\n\n<p>W\u00e4hrend Ihres Aufenthalts am Meer bei S\u00e9joya in Calvi k\u00f6nnen Sie an den Str\u00e4nden der Balagne faulenzen. <a href=\"https:\/\/balagne-corsica.com\/decouvrir-la-balagne\/mer-et-plages\/\" target=\"_blank\" rel=\"noreferrer noopener\"><strong>der wundersch\u00f6nen Str\u00e4nde der Balagne.<\/strong><\/a>. Der sch\u00f6ne <strong>Strand von Calvi<\/strong>, der f\u00fcr seinen feinen Sand und das t\u00fcrkisfarbene Wasser bekannt ist, ist in wenigen Minuten zu Fu\u00df erreichbar. Die gro\u00dfen Strandkiefern bieten einen angenehmen Schatten am Rande des Sandstrandes. Entdecken Sie auch den Strand von Alga, der ideal f\u00fcr Schnorchler ist. Und f\u00fcr eine ruhige Pause besuchen Sie den Strand von Oscelluccia mit seiner wilden und unber\u00fchrten Umgebung. Genie\u00dfen Sie an jedem Strand von Calvi die einfachen Freuden des Nichtstuns am Mittelmeer!<\/p>\n<\/div>\n<\/div>\n<\/div>\n<\/section>\n\n<section class=\"wp-block-group home-third section-three is-layout-flow wp-block-group-is-layout-flow\" style=\"margin-top:var(--wp--preset--spacing--50);margin-bottom:0;padding-top:0;padding-bottom:0\">\n<div data-swiper=\"{&quot;speed&quot;:1000,&quot;autoplay&quot;:{&quot;delay&quot;:5000,&quot;disableOnInteraction&quot;:false},&quot;spaceBetween&quot;:0,&quot;slidesPerView&quot;:1,&quot;pagination&quot;:{&quot;el&quot;:&quot;.swiper-pagination&quot;,&quot;dynamicBullets&quot;:true,&quot;clickable&quot;:true,&quot;type&quot;:&quot;bullets&quot;},&quot;navigation&quot;:{&quot;nextEl&quot;:&quot;.swiper-button-next&quot;,&quot;prevEl&quot;:&quot;.swiper-button-prev&quot;},&quot;breakpoints&quot;:[{&quot;slidesPerView&quot;:1}]}\" class=\"wp-block-cover aligncenter has-custom-content-position is-position-bottom-center\" style=\"margin-top:0;margin-bottom:0;padding-top:12rem;padding-bottom:7rem;min-height:900px;aspect-ratio:unset;\"><img data-dominant-color=\"5b7b92\" data-has-transparency=\"false\" style=\"--dominant-color: #5b7b92;\" decoding=\"async\" width=\"1920\" height=\"908\" class=\"wp-block-cover__image-background wp-image-10381 not-transparent\" alt=\"une variete d activites nautiques en corse\" src=\"https:\/\/www.sejoya.geek-tonic.dev\/wp-content\/uploads\/2025\/02\/une-variete-d-activites-nautiques-en-corse.webp\" data-object-fit=\"cover\" srcset=\"https:\/\/www.sejoya.geek-tonic.dev\/wp-content\/uploads\/2025\/02\/une-variete-d-activites-nautiques-en-corse.webp 1920w, https:\/\/www.sejoya.geek-tonic.dev\/wp-content\/uploads\/2025\/02\/une-variete-d-activites-nautiques-en-corse-300x142.webp 300w, https:\/\/www.sejoya.geek-tonic.dev\/wp-content\/uploads\/2025\/02\/une-variete-d-activites-nautiques-en-corse-1024x484.webp 1024w, https:\/\/www.sejoya.geek-tonic.dev\/wp-content\/uploads\/2025\/02\/une-variete-d-activites-nautiques-en-corse-768x363.webp 768w, https:\/\/www.sejoya.geek-tonic.dev\/wp-content\/uploads\/2025\/02\/une-variete-d-activites-nautiques-en-corse-1536x726.webp 1536w\" sizes=\"(max-width: 1920px) 100vw, 1920px\" \/><span aria-hidden=\"true\" class=\"wp-block-cover__background has-background-dim-100 has-background-dim wp-block-cover__gradient-background has-background-gradient\" style=\"background:linear-gradient(180deg,rgba(0,0,0,0) 0%,rgba(0,0,0,0.6) 100%)\"><\/span><div class=\"wp-block-cover__inner-container has-global-padding is-layout-constrained wp-block-cover-is-layout-constrained\">\n<h2 class=\"wp-block-heading has-text-align-center has-base-color has-text-color has-link-color wp-elements-237391e689ae5e639e6965e064a5d373\">Eine Vielzahl von <strong>Wassersportaktivit\u00e4ten auf Korsika<\/strong><\/h2>\n\n\n\n<p class=\"has-text-align-center has-base-color has-text-color has-link-color wp-elements-a50f8f69a8c296f6ebab0598a029c7f4\">Ein Urlaub am Meer bietet die M\u00f6glichkeit, eine <strong>Vielzahl von Wassersportaktivit\u00e4ten<\/strong> auszu\u00fcben. Calvi auf Korsika ist ein beliebter Ort, um das kristallklare Wasser des Mittelmeers zu genie\u00dfen. Suchen Sie nach einem ruhigen und naturnahen Erlebnis? Erkunden Sie die K\u00fcste mit einem <strong>Kajak<\/strong> oder <strong>Paddelboot<\/strong>! Diejenigen, die den Nervenkitzel suchen, sollten sich an einem <g id=\"gid_3\">Jetski<\/g>, einer <g id=\"gid_4\">Boje<\/g> oder einem <g id=\"gid_5\">Flyboard<\/g> versuchen. Von Calvi aus k\u00f6nnen Sie zu einer <g id=\"gid_6\">Tauchexpedition<\/g> aufbrechen, um den Reichtum des Meeresbodens rund um die Insel zu entdecken. Segelbegeisterte k\u00f6nnen auch Katamaran fahren oder Windsurfen. Eine herrliche Kreuzfahrt f\u00fchrt Sie zum Naturschutzgebiet von Scandola!       <\/p>\n<\/div><\/div>\n<\/section>\n\n<div class=\"wp-block-group home-fourth section-cta has-global-padding is-layout-constrained wp-block-group-is-layout-constrained\" style=\"padding-top:var(--wp--preset--spacing--50);padding-bottom:var(--wp--preset--spacing--50)\">\n<p class=\"has-accent-color has-text-color has-link-color has-nothing-you-could-do-font-family has-x-large-font-size wp-elements-535539347e1b7e144431bba29ec8b1fb\" style=\"margin-bottom:var(--wp--preset--spacing--20)\">Entdecken Sie die Umgebung, unsere Mietunterk\u00fcnfte und Wasserparks<\/p>\n\n\n\n<div class=\"wp-block-query is-layout-flow wp-block-query-is-layout-flow\"><ul class=\"columns-3 wp-block-post-template is-layout-grid wp-container-core-post-template-is-layout-6d3fbd8f wp-block-post-template-is-layout-grid\"><li class=\"wp-block-post post-11825 page type-page status-publish has-post-thumbnail hentry\">\n\n<figure class=\"wp-block-image\"><img decoding=\"async\" src=\"https:\/\/www.sejoya.geek-tonic.dev\/wp-content\/uploads\/2025\/02\/tourisme-calvi-cta.webp\" alt=\"Calvi Tourismus\"\/><\/figure>\n\n\n\n<p>Tourismus in Calvi<\/p>\n\n\n<a class=\"is-style-lien-cover wp-block-read-more\" href=\"https:\/\/www.sejoya.geek-tonic.dev\/de\/calvi-tourismus\/\" target=\"_self\">Weiterlesen<span class=\"screen-reader-text\">: Umgebung<\/span><\/a>\n<\/li><li class=\"wp-block-post post-11833 page type-page status-publish has-post-thumbnail hentry\">\n\n<figure class=\"wp-block-image\"><img decoding=\"async\" src=\"https:\/\/www.sejoya.geek-tonic.dev\/wp-content\/uploads\/2025\/02\/location-mobil-home-corse-groupe-sejoya-a-calvi-cta.webp\" alt=\"Vermietung Mobilheim Korsika Gruppe Sejoya in Calvi\"\/><\/figure>\n\n\n\n<p>Vermietung von Mobilheimen<\/p>\n\n\n<a class=\"is-style-lien-cover wp-block-read-more\" href=\"https:\/\/www.sejoya.geek-tonic.dev\/de\/mobilheimvermietung-korsika\/\" target=\"_self\">Weiterlesen<span class=\"screen-reader-text\">: Unterk\u00fcnfte<\/span><\/a>\n<\/li><li class=\"wp-block-post post-11832 page type-page status-publish has-post-thumbnail hentry\">\n\n<figure class=\"wp-block-image\"><img decoding=\"async\" src=\"https:\/\/www.sejoya.geek-tonic.dev\/wp-content\/uploads\/2025\/02\/campings-parcs-aquatiques-corse-cta.webp\" alt=\"Campingpl\u00e4tze Wasserparks Korsika\"\/><\/figure>\n\n\n\n<p>Wasserparks<\/p>\n\n\n<a class=\"is-style-lien-cover wp-block-read-more\" href=\"https:\/\/www.sejoya.geek-tonic.dev\/de\/campingplaetze-wasserparks-korsika\/\" target=\"_self\">Weiterlesen<span class=\"screen-reader-text\">: Wasserparks<\/span><\/a>\n<\/li><\/ul><\/div>\n<\/div>\n","protected":false},"excerpt":{"rendered":"<p>Paradiesischer Aufenthaltauf Campingpl\u00e4tzen in derN\u00e4he der Str\u00e4nde Korsikas Unsere 4 Einrichtungen direkt am Strand in Calvi Faulenzen Sie an den sch\u00f6nstenStr\u00e4nden in der N\u00e4he unserer Campingpl\u00e4tze W\u00e4hrend Ihres Aufenthalts am Meer bei S\u00e9joya in Calvi k\u00f6nnen Sie an den Str\u00e4nden der Balagne faulenzen. der wundersch\u00f6nen Str\u00e4nde der Balagne.. Der sch\u00f6ne Strand von Calvi, der f\u00fcr [&hellip;]<\/p>\n","protected":false},"author":1,"featured_media":10100,"parent":0,"menu_order":0,"comment_status":"closed","ping_status":"closed","template":"","meta":{"_acf_changed":false,"_seopress_robots_primary_cat":"","_seopress_titles_title":"Campingpl\u00e4tze und Residenz am Meer in Calvi | Str\u00e4nde der Haute-Korsika","_seopress_titles_desc":"Campingpl\u00e4tze und Residenz S\u00e9joya in idealer Lage in der N\u00e4he der K\u00fcste von Calvi in Nordkorsika: Str\u00e4nde, Wassersportm\u00f6glichkeiten...","_seopress_robots_index":"","inline_featured_image":false,"gt_fse_maillage_image":"https:\/\/www.sejoya.geek-tonic.dev\/wp-content\/uploads\/2025\/02\/camping-bord-mer-corse-cta.webp","gt_fse_maillage_titre":"Am Meer","gt_fse_maillage_alt":"Campingplatz am Meer Korsika","gt_fse_maillage_resume":"","footnotes":""},"categories":[],"tags":[],"class_list":["post-11839","page","type-page","status-publish","has-post-thumbnail","hentry"],"acf":[],"_links":{"self":[{"href":"https:\/\/www.sejoya.geek-tonic.dev\/de\/wp-json\/wp\/v2\/pages\/11839","targetHints":{"allow":["GET"]}}],"collection":[{"href":"https:\/\/www.sejoya.geek-tonic.dev\/de\/wp-json\/wp\/v2\/pages"}],"about":[{"href":"https:\/\/www.sejoya.geek-tonic.dev\/de\/wp-json\/wp\/v2\/types\/page"}],"author":[{"embeddable":true,"href":"https:\/\/www.sejoya.geek-tonic.dev\/de\/wp-json\/wp\/v2\/users\/1"}],"replies":[{"embeddable":true,"href":"https:\/\/www.sejoya.geek-tonic.dev\/de\/wp-json\/wp\/v2\/comments?post=11839"}],"version-history":[{"count":14,"href":"https:\/\/www.sejoya.geek-tonic.dev\/de\/wp-json\/wp\/v2\/pages\/11839\/revisions"}],"predecessor-version":[{"id":13970,"href":"https:\/\/www.sejoya.geek-tonic.dev\/de\/wp-json\/wp\/v2\/pages\/11839\/revisions\/13970"}],"wp:featuredmedia":[{"embeddable":true,"href":"https:\/\/www.sejoya.geek-tonic.dev\/de\/wp-json\/wp\/v2\/media\/10100"}],"wp:attachment":[{"href":"https:\/\/www.sejoya.geek-tonic.dev\/de\/wp-json\/wp\/v2\/media?parent=11839"}],"wp:term":[{"taxonomy":"category","embeddable":true,"href":"https:\/\/www.sejoya.geek-tonic.dev\/de\/wp-json\/wp\/v2\/categories?post=11839"},{"taxonomy":"post_tag","embeddable":true,"href":"https:\/\/www.sejoya.geek-tonic.dev\/de\/wp-json\/wp\/v2\/tags?post=11839"}],"curies":[{"name":"wp","href":"https:\/\/api.w.org\/{rel}","templated":true}]}}